{"id":19,"date":"2024-08-13T07:21:24","date_gmt":"2024-08-13T07:21:24","guid":{"rendered":"https:\/\/dev.medtechmarket24.de\/?page_id=19"},"modified":"2024-08-24T12:43:18","modified_gmt":"2024-08-24T12:43:18","slug":"19-2","status":"publish","type":"page","link":"https:\/\/medtechmarket24.de\/","title":{"rendered":"Home"},"content":{"rendered":"<p>[et_pb_section fb_built=&#8220;1&#8243; _builder_version=&#8220;4.27.0&#8243; _module_preset=&#8220;default&#8220; background_image=&#8220;https:\/\/medtechmarket24.de\/wp-content\/uploads\/2024\/08\/Banner-Praxis.jpg&#8220; min_height=&#8220;541.8px&#8220; hover_enabled=&#8220;0&#8243; background_last_edited=&#8220;on|phone&#8220; background_size_phone=&#8220;cover&#8220; background_image_width_phone=&#8220;100%&#8220; background_image_height_phone=&#8220;39%&#8220; global_colors_info=&#8220;{}&#8220; disabled_on=&#8220;off|off|off&#8220; sticky_enabled=&#8220;0&#8243;][et_pb_row column_structure=&#8220;1_2,1_4,1_4&#8243; _builder_version=&#8220;4.27.0&#8243; _module_preset=&#8220;default&#8220; background_enable_image=&#8220;off&#8220; width=&#8220;74.9%&#8220; custom_margin=&#8220;|118px||auto||&#8220; hover_enabled=&#8220;0&#8243; global_colors_info=&#8220;{}&#8220; disabled_on=&#8220;on|off|off&#8220; sticky_enabled=&#8220;0&#8243;][et_pb_column type=&#8220;1_2&#8243; _builder_version=&#8220;4.27.0&#8243; _module_preset=&#8220;default&#8220; global_colors_info=&#8220;{}&#8220;][et_pb_text _builder_version=&#8220;4.27.0&#8243; _module_preset=&#8220;default&#8220; header_font_size=&#8220;39px&#8220; background_color=&#8220;#FFFFFF&#8220; background_enable_image=&#8220;off&#8220; custom_margin=&#8220;12px|-60px|11px|-61px|false|false&#8220; custom_padding=&#8220;21px|44px|21px|44px|true|true&#8220; filter_opacity=&#8220;89%&#8220; text_text_shadow_style=&#8220;preset2&#8243; box_shadow_style=&#8220;preset2&#8243; box_shadow_color=&#8220;rgba(0,0,0,0.39)&#8220; global_colors_info=&#8220;{}&#8220;]<\/p>\n<h1>Immer das passende Angebot<\/h1>\n<p>&nbsp;<\/p>\n<h2>&#8211; Servicetechniker<\/h2>\n<h2>&#8211; Ger\u00e4tekauf<\/h2>\n<h2>&#8211; Wartung<\/h2>\n<h2>&#8211; Ersatzteile<\/h2>\n<h2>&#8211; 100 % kostenfrei<\/h2>\n<p>&nbsp;<\/p>\n<p>[\/et_pb_text][\/et_pb_column][et_pb_column type=&#8220;1_4&#8243; _builder_version=&#8220;4.27.0&#8243; _module_preset=&#8220;default&#8220; global_colors_info=&#8220;{}&#8220;][\/et_pb_column][et_pb_column type=&#8220;1_4&#8243; _builder_version=&#8220;4.27.0&#8243; _module_preset=&#8220;default&#8220; global_colors_info=&#8220;{}&#8220;][\/et_pb_column][\/et_pb_row][\/et_pb_section][et_pb_section fb_built=&#8220;1&#8243; _builder_version=&#8220;4.27.0&#8243; _module_preset=&#8220;default&#8220; global_colors_info=&#8220;{}&#8220;][et_pb_row column_structure=&#8220;1_5,1_5,1_5,1_5,1_5&#8243; _builder_version=&#8220;4.27.0&#8243; _module_preset=&#8220;default&#8220; global_colors_info=&#8220;{}&#8220;][et_pb_column type=&#8220;1_5&#8243; _builder_version=&#8220;4.27.0&#8243; _module_preset=&#8220;default&#8220; link_option_url=&#8220;https:\/\/medtechmarket24.smart2.biz\/#Task10Place:::FACE81:&#8220; global_colors_info=&#8220;{}&#8220;][et_pb_button button_url=&#8220;https:\/\/medtechmarket24.smart2.biz\/#Task14Place:::FACE11::&#8220; button_text=&#8220;Ersatzteile&#8220; _builder_version=&#8220;4.27.0&#8243; _module_preset=&#8220;default&#8220; global_colors_info=&#8220;{}&#8220;][\/et_pb_button][\/et_pb_column][et_pb_column type=&#8220;1_5&#8243; _builder_version=&#8220;4.27.0&#8243; _module_preset=&#8220;default&#8220; global_colors_info=&#8220;{}&#8220;][et_pb_button button_url=&#8220;https:\/\/medtechmarket24.smart2.biz\/#Task14Place:::FACE11::&#8220; url_new_window=&#8220;on&#8220; button_text=&#8220;Ger\u00e4te&#8220; _builder_version=&#8220;4.27.0&#8243; _module_preset=&#8220;default&#8220; global_colors_info=&#8220;{}&#8220;][\/et_pb_button][\/et_pb_column][et_pb_column type=&#8220;1_5&#8243; _builder_version=&#8220;4.27.0&#8243; _module_preset=&#8220;default&#8220; global_colors_info=&#8220;{}&#8220;][et_pb_button button_url=&#8220;https:\/\/medtechmarket24.smart2.biz\/#Task14Place:::FACE11::&#8220; url_new_window=&#8220;on&#8220; button_text=&#8220;Reparatur&#8220; _builder_version=&#8220;4.27.0&#8243; _module_preset=&#8220;default&#8220; global_colors_info=&#8220;{}&#8220;][\/et_pb_button][\/et_pb_column][et_pb_column type=&#8220;1_5&#8243; _builder_version=&#8220;4.27.0&#8243; _module_preset=&#8220;default&#8220; link_option_url=&#8220;https:\/\/medtechmarket24.smart2.biz\/#Task10Place:::FACE81:&#8220; global_colors_info=&#8220;{}&#8220;][et_pb_button button_url=&#8220;https:\/\/medtechmarket24.smart2.biz\/#Task14Place:::FACE11::&#8220; url_new_window=&#8220;on&#8220; button_text=&#8220;Validierung&#8220; _builder_version=&#8220;4.27.0&#8243; _module_preset=&#8220;default&#8220; global_colors_info=&#8220;{}&#8220;][\/et_pb_button][\/et_pb_column][et_pb_column type=&#8220;1_5&#8243; _builder_version=&#8220;4.27.0&#8243; _module_preset=&#8220;default&#8220; link_option_url=&#8220;https:\/\/medtechmarket24.smart2.biz\/#Task10Place:::FACE12:&#8220; global_colors_info=&#8220;{}&#8220;][et_pb_button button_url=&#8220;https:\/\/medtechmarket24.smart2.biz\/#Task14Place:::FACE11::&#8220; url_new_window=&#8220;on&#8220; button_text=&#8220;Wartung&#8220; _builder_version=&#8220;4.27.0&#8243; _module_preset=&#8220;default&#8220; global_colors_info=&#8220;{}&#8220;][\/et_pb_button][\/et_pb_column][\/et_pb_row][\/et_pb_section][et_pb_section fb_built=&#8220;1&#8243; _builder_version=&#8220;4.27.0&#8243; _module_preset=&#8220;default&#8220; min_height=&#8220;726px&#8220; custom_margin=&#8220;48px|||||&#8220; global_colors_info=&#8220;{}&#8220;][et_pb_row column_structure=&#8220;1_2,1_2&#8243; _builder_version=&#8220;4.27.0&#8243; _module_preset=&#8220;default&#8220; global_colors_info=&#8220;{}&#8220;][et_pb_column type=&#8220;1_2&#8243; _builder_version=&#8220;4.27.0&#8243; _module_preset=&#8220;default&#8220; global_colors_info=&#8220;{}&#8220;][et_pb_text _builder_version=&#8220;4.27.0&#8243; _module_preset=&#8220;default&#8220; global_colors_info=&#8220;{}&#8220;]<\/p>\n<h1>Immer das passende Angebot<\/h1>\n<p>Auf medtechmarket24 finden Sie immer das passende Angebot. Egal, ob Sie ein neues System f\u00fcr Ihre Praxis, Ersatzteile oder einen Servicetechniker suchen.<\/p>\n<p>In nur wenigen Klicks stellen Sie Ihre Ausschreibung ein und erhalten von einer Vielzahl von Partnern entsprechende Angebote. <br \/>F\u00fcr Sie ist der Service der medtechmarket absolut kostenfrei und unverbindlich.\u00a0<\/p>\n<p>&nbsp;<\/p>\n<p>[\/et_pb_text][\/et_pb_column][et_pb_column type=&#8220;1_2&#8243; _builder_version=&#8220;4.27.0&#8243; _module_preset=&#8220;default&#8220; global_colors_info=&#8220;{}&#8220;][et_pb_code _builder_version=&#8220;4.27.0&#8243; _module_preset=&#8220;default&#8220; global_colors_info=&#8220;{}&#8220;]<iframe width=\"560\" height=\"315\" src=\"https:\/\/www.youtube-nocookie.com\/embed\/nk6WkclL4bw?si=MxQz1j2ByT9J6zRx\" title=\"YouTube video player\" frameborder=\"0\" allow=\"accelerometer; autoplay; clipboard-write; encrypted-media; gyroscope; picture-in-picture; web-share\" referrerpolicy=\"strict-origin-when-cross-origin\" allowfullscreen><\/iframe>[\/et_pb_code][\/et_pb_column][\/et_pb_row][et_pb_row column_structure=&#8220;1_2,1_2&#8243; _builder_version=&#8220;4.27.0&#8243; _module_preset=&#8220;default&#8220; min_height=&#8220;408.4px&#8220; global_colors_info=&#8220;{}&#8220;][et_pb_column type=&#8220;1_2&#8243; _builder_version=&#8220;4.27.0&#8243; _module_preset=&#8220;default&#8220; global_colors_info=&#8220;{}&#8220;][et_pb_image src=&#8220;https:\/\/medtechmarket24.de\/wp-content\/uploads\/2024\/08\/Geraeteausschreibung.jpg&#8220; title_text=&#8220;Design ohne Titel &#8211; 2&#8243; _builder_version=&#8220;4.27.0&#8243; _module_preset=&#8220;default&#8220; global_colors_info=&#8220;{}&#8220;][\/et_pb_image][\/et_pb_column][et_pb_column type=&#8220;1_2&#8243; _builder_version=&#8220;4.27.0&#8243; _module_preset=&#8220;default&#8220; global_colors_info=&#8220;{}&#8220;][et_pb_text _builder_version=&#8220;4.27.0&#8243; _module_preset=&#8220;default&#8220; min_height=&#8220;349.4px&#8220; custom_margin=&#8220;||-98px|||&#8220; custom_padding=&#8220;||1px|||&#8220; global_colors_info=&#8220;{}&#8220;]<\/p>\n<h1>Ger\u00e4tekauf<\/h1>\n<p>W\u00e4hlen Sie auf der Plattform das von Ihnen gew\u00fcnschte System f\u00fcr Ihre Praxis aus. Anschlie\u00dfend erhalten Sie entsprechende Angebote verschiedener Dentaldepots und H\u00e4ndlern. Durch unser gro\u00dfes Netzwerk ist nahezu jede Marke vertreten z.B. <strong>Dentsply Sirona, KaVo, NSK, Morita, D\u00fcrr und viele mehr.<\/strong><\/p>\n<ul>\n<li>R\u00f6ntgensysteme<\/li>\n<li>Intraoralscanner und Desktopscanner<\/li>\n<li>CAD\/CAM Fr\u00e4ssysteme und Drucker<\/li>\n<li>Autoklaven und RDG<\/li>\n<li>Kompressoren und Absaugungen<\/li>\n<\/ul>\n<p>&nbsp;<\/p>\n<p>[\/et_pb_text][\/et_pb_column][\/et_pb_row][et_pb_row column_structure=&#8220;1_2,1_2&#8243; _builder_version=&#8220;4.27.0&#8243; _module_preset=&#8220;default&#8220; min_height=&#8220;312.2px&#8220; custom_padding=&#8220;34px|||||&#8220; global_colors_info=&#8220;{}&#8220;][et_pb_column type=&#8220;1_2&#8243; _builder_version=&#8220;4.27.0&#8243; _module_preset=&#8220;default&#8220; global_colors_info=&#8220;{}&#8220;][et_pb_text _builder_version=&#8220;4.27.0&#8243; _module_preset=&#8220;default&#8220; global_colors_info=&#8220;{}&#8220;]<\/p>\n<h1>Reparatur und Wartung<\/h1>\n<p>Durch das gro\u00dfe Netzwerk an freien Technikern auf unserer Plattform k\u00f6nnen Sie f\u00fcr nahezu jedes System den passenden Techniker finden. Egal, ob es sich um eine Reparatur, Wartung oder Validierung handelt, wir haben den richtigen Experten f\u00fcr Sie. Unsere Plattform bietet Ihnen die M\u00f6glichkeit, schnell und unkompliziert den Techniker zu finden, der Ihre Anforderungen erf\u00fcllt.<\/p>\n<p>Die Registrierung auf unserer Plattform ist f\u00fcr Sie v\u00f6llig kostenfrei. Ebenso ist die Ausschreibung Ihrer Auftr\u00e4ge kostenlos. Nutzen Sie die Vorteile unserer Plattform und profitieren Sie von der Expertise unserer Techniker, um Ihre Systeme optimal zu betreuen und zu warten.<\/p>\n<p>[\/et_pb_text][\/et_pb_column][et_pb_column type=&#8220;1_2&#8243; _builder_version=&#8220;4.27.0&#8243; _module_preset=&#8220;default&#8220; global_colors_info=&#8220;{}&#8220;][et_pb_image src=&#8220;https:\/\/medtechmarket24.de\/wp-content\/uploads\/2024\/08\/Reparatur.jpg&#8220; title_text=&#8220;Reparatur&#8220; _builder_version=&#8220;4.27.0&#8243; _module_preset=&#8220;default&#8220; global_colors_info=&#8220;{}&#8220;][\/et_pb_image][\/et_pb_column][\/et_pb_row][et_pb_row column_structure=&#8220;1_2,1_2&#8243; _builder_version=&#8220;4.27.0&#8243; _module_preset=&#8220;default&#8220; min_height=&#8220;379.2px&#8220; global_colors_info=&#8220;{}&#8220;][et_pb_column type=&#8220;1_2&#8243; _builder_version=&#8220;4.27.0&#8243; _module_preset=&#8220;default&#8220; global_colors_info=&#8220;{}&#8220;][et_pb_image src=&#8220;https:\/\/medtechmarket24.de\/wp-content\/uploads\/2024\/08\/Ersatzteile.jpg&#8220; title_text=&#8220;Ersatzteile&#8220; _builder_version=&#8220;4.27.0&#8243; _module_preset=&#8220;default&#8220; global_colors_info=&#8220;{}&#8220;][\/et_pb_image][\/et_pb_column][et_pb_column type=&#8220;1_2&#8243; _builder_version=&#8220;4.27.0&#8243; _module_preset=&#8220;default&#8220; global_colors_info=&#8220;{}&#8220;][et_pb_text _builder_version=&#8220;4.27.0&#8243; _module_preset=&#8220;default&#8220; global_colors_info=&#8220;{}&#8220;]<\/p>\n<h1>Ersatzteilbestellung<\/h1>\n<p><span>Dank unserer angebundenen Dentalh\u00e4ndler k\u00f6nnen Sie bei MedTechMarket24 binnen weniger Augenblicke das passende Ersatzteil f\u00fcr Ihre Praxis oder Ihr Dentallabor bestellen. Mit einer Auswahl von \u00fcber 21.000 Ersatzteilen finden auch Sie mit Sicherheit das richtige Ersatzteil f\u00fcr Ihr System, egal ob R\u00f6ntgen, Behandlungseinheit, Autoklav, Handst\u00fccke und vieles Mehr. <\/span><\/p>\n<p><span>Profitieren Sie von der umfangreichen Produktpalette und bestellen Sie noch heute zu unschlagbar fairen Preisen!<\/span><\/p>\n<p>&nbsp;<\/p>\n<p>[\/et_pb_text][\/et_pb_column][\/et_pb_row][\/et_pb_section]<\/p>\n","protected":false},"excerpt":{"rendered":"<p>Immer das passende Angebot &nbsp; &#8211; Servicetechniker &#8211; Ger\u00e4tekauf &#8211; Wartung &#8211; Ersatzteile &#8211; 100 % kostenfrei &nbsp;Immer das passende Angebot Auf medtechmarket24 finden Sie immer das passende Angebot. Egal, ob Sie ein neues System f\u00fcr Ihre Praxis, Ersatzteile oder einen Servicetechniker suchen. In nur wenigen Klicks stellen Sie Ihre Ausschreibung ein und erhalten von [&hellip;]<\/p>\n","protected":false},"author":1,"featured_media":0,"parent":0,"menu_order":0,"comment_status":"closed","ping_status":"closed","template":"","meta":{"_et_pb_use_builder":"on","_et_pb_old_content":"","_et_gb_content_width":"","footnotes":""},"class_list":["post-19","page","type-page","status-publish","hentry"],"yoast_head":"<!-- This site is optimized with the Yoast SEO plugin v23.1 - https:\/\/yoast.com\/wordpress\/plugins\/seo\/ -->\n<title>Home - Medtechmarket24<\/title>\n<meta name=\"robots\" content=\"index, follow, max-snippet:-1, max-image-preview:large, max-video-preview:-1\" \/>\n<link rel=\"canonical\" href=\"https:\/\/medtechmarket24.de\/\" \/>\n<meta property=\"og:locale\" content=\"de_DE\" \/>\n<meta property=\"og:type\" content=\"article\" \/>\n<meta property=\"og:title\" content=\"Home - Medtechmarket24\" \/>\n<meta property=\"og:description\" content=\"Immer das passende Angebot &nbsp; - Servicetechniker - Ger\u00e4tekauf - Wartung - Ersatzteile - 100 % kostenfrei &nbsp;Immer das passende Angebot Auf medtechmarket24 finden Sie immer das passende Angebot. Egal, ob Sie ein neues System f\u00fcr Ihre Praxis, Ersatzteile oder einen Servicetechniker suchen. In nur wenigen Klicks stellen Sie Ihre Ausschreibung ein und erhalten von [&hellip;]\" \/>\n<meta property=\"og:url\" content=\"https:\/\/medtechmarket24.de\/\" \/>\n<meta property=\"og:site_name\" content=\"Medtechmarket24\" \/>\n<meta property=\"article:modified_time\" content=\"2024-08-24T12:43:18+00:00\" \/>\n<meta name=\"twitter:card\" content=\"summary_large_image\" \/>\n<meta name=\"twitter:label1\" content=\"Gesch\u00e4tzte Lesezeit\" \/>\n\t<meta name=\"twitter:data1\" content=\"1\u00a0Minute\" \/>\n<script type=\"application\/ld+json\" class=\"yoast-schema-graph\">{\"@context\":\"https:\/\/schema.org\",\"@graph\":[{\"@type\":\"WebPage\",\"@id\":\"https:\/\/medtechmarket24.de\/\",\"url\":\"https:\/\/medtechmarket24.de\/\",\"name\":\"Home - Medtechmarket24\",\"isPartOf\":{\"@id\":\"https:\/\/medtechmarket24.de\/#website\"},\"datePublished\":\"2024-08-13T07:21:24+00:00\",\"dateModified\":\"2024-08-24T12:43:18+00:00\",\"breadcrumb\":{\"@id\":\"https:\/\/medtechmarket24.de\/#breadcrumb\"},\"inLanguage\":\"de\",\"potentialAction\":[{\"@type\":\"ReadAction\",\"target\":[\"https:\/\/medtechmarket24.de\/\"]}]},{\"@type\":\"BreadcrumbList\",\"@id\":\"https:\/\/medtechmarket24.de\/#breadcrumb\",\"itemListElement\":[{\"@type\":\"ListItem\",\"position\":1,\"name\":\"Startseite\",\"item\":\"https:\/\/medtechmarket24.de\/\"},{\"@type\":\"ListItem\",\"position\":2,\"name\":\"Home\"}]},{\"@type\":\"WebSite\",\"@id\":\"https:\/\/medtechmarket24.de\/#website\",\"url\":\"https:\/\/medtechmarket24.de\/\",\"name\":\"Medtechmarket24\",\"description\":\"Immer das passende Angebot finden\",\"potentialAction\":[{\"@type\":\"SearchAction\",\"target\":{\"@type\":\"EntryPoint\",\"urlTemplate\":\"https:\/\/medtechmarket24.de\/?s={search_term_string}\"},\"query-input\":\"required name=search_term_string\"}],\"inLanguage\":\"de\"}]}<\/script>\n<!-- \/ Yoast SEO plugin. -->","yoast_head_json":{"title":"Home - Medtechmarket24","robots":{"index":"index","follow":"follow","max-snippet":"max-snippet:-1","max-image-preview":"max-image-preview:large","max-video-preview":"max-video-preview:-1"},"canonical":"https:\/\/medtechmarket24.de\/","og_locale":"de_DE","og_type":"article","og_title":"Home - Medtechmarket24","og_description":"Immer das passende Angebot &nbsp; - Servicetechniker - Ger\u00e4tekauf - Wartung - Ersatzteile - 100 % kostenfrei &nbsp;Immer das passende Angebot Auf medtechmarket24 finden Sie immer das passende Angebot. Egal, ob Sie ein neues System f\u00fcr Ihre Praxis, Ersatzteile oder einen Servicetechniker suchen. In nur wenigen Klicks stellen Sie Ihre Ausschreibung ein und erhalten von [&hellip;]","og_url":"https:\/\/medtechmarket24.de\/","og_site_name":"Medtechmarket24","article_modified_time":"2024-08-24T12:43:18+00:00","twitter_card":"summary_large_image","twitter_misc":{"Gesch\u00e4tzte Lesezeit":"1\u00a0Minute"},"schema":{"@context":"https:\/\/schema.org","@graph":[{"@type":"WebPage","@id":"https:\/\/medtechmarket24.de\/","url":"https:\/\/medtechmarket24.de\/","name":"Home - Medtechmarket24","isPartOf":{"@id":"https:\/\/medtechmarket24.de\/#website"},"datePublished":"2024-08-13T07:21:24+00:00","dateModified":"2024-08-24T12:43:18+00:00","breadcrumb":{"@id":"https:\/\/medtechmarket24.de\/#breadcrumb"},"inLanguage":"de","potentialAction":[{"@type":"ReadAction","target":["https:\/\/medtechmarket24.de\/"]}]},{"@type":"BreadcrumbList","@id":"https:\/\/medtechmarket24.de\/#breadcrumb","itemListElement":[{"@type":"ListItem","position":1,"name":"Startseite","item":"https:\/\/medtechmarket24.de\/"},{"@type":"ListItem","position":2,"name":"Home"}]},{"@type":"WebSite","@id":"https:\/\/medtechmarket24.de\/#website","url":"https:\/\/medtechmarket24.de\/","name":"Medtechmarket24","description":"Immer das passende Angebot finden","potentialAction":[{"@type":"SearchAction","target":{"@type":"EntryPoint","urlTemplate":"https:\/\/medtechmarket24.de\/?s={search_term_string}"},"query-input":"required name=search_term_string"}],"inLanguage":"de"}]}},"_links":{"self":[{"href":"https:\/\/medtechmarket24.de\/index.php?rest_route=\/wp\/v2\/pages\/19","targetHints":{"allow":["GET"]}}],"collection":[{"href":"https:\/\/medtechmarket24.de\/index.php?rest_route=\/wp\/v2\/pages"}],"about":[{"href":"https:\/\/medtechmarket24.de\/index.php?rest_route=\/wp\/v2\/types\/page"}],"author":[{"embeddable":true,"href":"https:\/\/medtechmarket24.de\/index.php?rest_route=\/wp\/v2\/users\/1"}],"replies":[{"embeddable":true,"href":"https:\/\/medtechmarket24.de\/index.php?rest_route=%2Fwp%2Fv2%2Fcomments&post=19"}],"version-history":[{"count":28,"href":"https:\/\/medtechmarket24.de\/index.php?rest_route=\/wp\/v2\/pages\/19\/revisions"}],"predecessor-version":[{"id":137,"href":"https:\/\/medtechmarket24.de\/index.php?rest_route=\/wp\/v2\/pages\/19\/revisions\/137"}],"wp:attachment":[{"href":"https:\/\/medtechmarket24.de\/index.php?rest_route=%2Fwp%2Fv2%2Fmedia&parent=19"}],"curies":[{"name":"wp","href":"https:\/\/api.w.org\/{rel}","templated":true}]}}